{"id":503,"date":"2022-10-06T08:47:24","date_gmt":"2022-10-06T06:47:24","guid":{"rendered":"https:\/\/www.landhaus-alpensee.de\/preise\/?page_id=503"},"modified":"2024-11-01T07:26:52","modified_gmt":"2024-11-01T05:26:52","slug":"503-2","status":"publish","type":"page","link":"https:\/\/www.landhaus-alpensee.de\/news\/","title":{"rendered":"intro"},"content":{"rendered":"<div class=\"row justify-content-center\">\n<div class=\"col-md-8 text-center\">\n<h3 class=\"mb-0 text-white\">Nachhaltig und entspannt mit der Bahn anreisen<\/h3>\n<div class=\"text-white entrysubtitle\"><p>Wussten Sie, dass Oberstdorf einen Bahnhof direkt im Zentrum und ein Bus Inklusive Angebot hat? So k\u00f6nnen Sie ganz entspannt und klimaschonend anreisen und genie\u00dfen eine CO2-neutrale Urlaubsmobilit\u00e4t. Jede Einsparung an CO2 ist gut f\u00fcr die Natur, uns Menschen und unsere Region. Denn als Urlaubs- und Lebensraum setzen wir uns Schritt f\u00fcr Schritt f\u00fcr mehr Nachhaltigkeit ein.<br \/>\nM\u00f6chten Sie Ihren Beitrag zum Klimaschutz leisten und suchen nach einer Verbindung nach Oberstdorf? Hier kommen Sie zur Seite der Deutschen Bahn. <br \/>\n<a href=\"https:\/\/reiseauskunft.bahn.de\/bin\/query.exe\/dn?Z=Oberstdorf,+Marktplatz+7&#038;ZADR=1\" rel=\"noopener\" target=\"_blank\">https:\/\/reiseauskunft.bahn.de<\/a><\/p>\n<p>Als kleines Dankesch\u00f6n erhalten Sie 5% Nachlass auf den Mietpreis. Bereits 33 % unserer G\u00e4ste kommen mit der Bahn. Wir bedanken uns bei Ihnen daf\u00fcr.<\/p>\n<\/div>\n<\/div>\n<\/div>\n","protected":false},"excerpt":{"rendered":"","protected":false},"author":1,"featured_media":0,"parent":0,"menu_order":0,"comment_status":"closed","ping_status":"closed","template":"blank-page-with-container.php","meta":[],"acf":[],"_links":{"self":[{"href":"https:\/\/www.landhaus-alpensee.de\/news\/index.php?rest_route=\/wp\/v2\/pages\/503"}],"collection":[{"href":"https:\/\/www.landhaus-alpensee.de\/news\/index.php?rest_route=\/wp\/v2\/pages"}],"about":[{"href":"https:\/\/www.landhaus-alpensee.de\/news\/index.php?rest_route=\/wp\/v2\/types\/page"}],"author":[{"embeddable":true,"href":"https:\/\/www.landhaus-alpensee.de\/news\/index.php?rest_route=\/wp\/v2\/users\/1"}],"replies":[{"embeddable":true,"href":"https:\/\/www.landhaus-alpensee.de\/news\/index.php?rest_route=%2Fwp%2Fv2%2Fcomments&post=503"}],"version-history":[{"count":21,"href":"https:\/\/www.landhaus-alpensee.de\/news\/index.php?rest_route=\/wp\/v2\/pages\/503\/revisions"}],"predecessor-version":[{"id":673,"href":"https:\/\/www.landhaus-alpensee.de\/news\/index.php?rest_route=\/wp\/v2\/pages\/503\/revisions\/673"}],"wp:attachment":[{"href":"https:\/\/www.landhaus-alpensee.de\/news\/index.php?rest_route=%2Fwp%2Fv2%2Fmedia&parent=503"}],"curies":[{"name":"wp","href":"https:\/\/api.w.org\/{rel}","templated":true}]}}